{"id":3643,"date":"2021-03-08T12:09:32","date_gmt":"2021-03-08T15:09:32","guid":{"rendered":"http:\/\/zuccheratagourmet.com.br\/wordpress\/?post_type=product&#038;p=3643"},"modified":"2023-05-15T20:16:02","modified_gmt":"2023-05-15T23:16:02","slug":"bolos-decorados","status":"publish","type":"product","link":"http:\/\/www.zuccheratagourmet.com.br\/wordpress\/produto\/bolos-decorados\/","title":{"rendered":"Bolos Decorados"},"content":{"rendered":"<p>Nossos bolos decorados s\u00e3o vendidos por quilo e o menor tamanho que trabalhamos \u00e9 de 1,6kg (serve 12 fatias)<br \/>\nTrabalhamos com todos os temas e modelos dos mais variados, \u00e9 s\u00f3 escolher o seu preferido que faremos para voc\u00ea.<br \/>\nPre\u00e7os a partir de R$ 97,00 o quilo. Consulte nosso sabores.<\/p>\n<p>Adicionais de decora\u00e7\u00e3o:<br \/>\nCores fortes, glitter ou efeito metalizado (Dourado, prateado, rose gold, bronze, cores diversas) Drip Cake (gotinhas escorrendo pelo bolo em qualquer tom) h\u00e1 um acr\u00e9scimo ao valor final do bolo de:<br \/>\nBolos at\u00e9 2kg: R$ 20,00<br \/>\nBolos 3 a 4kg: R$ 25,00<br \/>\nBolos 5kg ou mais R$ 30,00<\/p>\n<p>Topos de bolo s\u00e3o terceirizados ou feitos pelo cliente.<br \/>\nN\u00e3o trabalhamos com Pasta Americana.*<\/p>\n<p>Tamb\u00e9m trabalhamos com docinhos, cento a partir de R$ 200,00 com tamanho aprox. 20g (maior que os de festa)<\/p>\n<p>&nbsp;<\/p>\n","protected":false},"excerpt":{"rendered":"<p>Nossos bolos decorados s\u00e3o uma del\u00edcia e fazem o maior sucesso! Al\u00e9m de lindos por fora \u00e9 uma explos\u00e3o de sabor a cada garfada.<\/p>\n<p>Fazemos no tema e decora\u00e7\u00e3o que voc\u00ea sonha em ter em sua comemora\u00e7\u00e3o. Consulte-nos!<\/p>\n<p>&nbsp;<\/p>\n","protected":false},"featured_media":4651,"comment_status":"open","ping_status":"closed","template":"","meta":{"_monsterinsights_skip_tracking":false,"_monsterinsights_sitenote_active":false,"_monsterinsights_sitenote_note":"","_monsterinsights_sitenote_category":0},"aioseo_notices":[],"_links":{"self":[{"href":"http:\/\/www.zuccheratagourmet.com.br\/wordpress\/wp-json\/wp\/v2\/product\/3643"}],"collection":[{"href":"http:\/\/www.zuccheratagourmet.com.br\/wordpress\/wp-json\/wp\/v2\/product"}],"about":[{"href":"http:\/\/www.zuccheratagourmet.com.br\/wordpress\/wp-json\/wp\/v2\/types\/product"}],"replies":[{"embeddable":true,"href":"http:\/\/www.zuccheratagourmet.com.br\/wordpress\/wp-json\/wp\/v2\/comments?post=3643"}],"wp:featuredmedia":[{"embeddable":true,"href":"http:\/\/www.zuccheratagourmet.com.br\/wordpress\/wp-json\/wp\/v2\/media\/4651"}],"wp:attachment":[{"href":"http:\/\/www.zuccheratagourmet.com.br\/wordpress\/wp-json\/wp\/v2\/media?parent=3643"}],"curies":[{"name":"wp","href":"https:\/\/api.w.org\/{rel}","templated":true}]}}