{"id":2573,"date":"2020-11-20T16:37:42","date_gmt":"2020-11-20T19:37:42","guid":{"rendered":"http:\/\/zuccheratagourmet.com.br\/wordpress\/?post_type=product&#038;p=2573"},"modified":"2023-02-14T16:31:02","modified_gmt":"2023-02-14T19:31:02","slug":"escondidinho-de-ninho-e-uva","status":"publish","type":"product","link":"http:\/\/www.zuccheratagourmet.com.br\/wordpress\/produto\/escondidinho-de-ninho-e-uva\/","title":{"rendered":"Escondidinho de Ninho e Uva"},"content":{"rendered":"<p>Alguns conhecem como ta\u00e7a maravilha, mas aqui ele \u00e9 chamado de Escondidinho. S\u00e3o 3 camadas deliciosas: Uva sem semente, Brigadeiro de Ninho e Ganache meio amargo. Doce na medida certa! Pote de 220ml<\/p>\n","protected":false},"excerpt":{"rendered":"<p>Alguns conhecem como ta\u00e7a maravilha, mas aqui ele \u00e9 chamado de Escondidinho. S\u00e3o 3 camadas deliciosas: Uva sem semente, Brigadeiro de Ninho e Ganache meio amargo. Doce na medida certa<\/p>\n","protected":false},"featured_media":2572,"comment_status":"open","ping_status":"closed","template":"","meta":{"_monsterinsights_skip_tracking":false,"_monsterinsights_sitenote_active":false,"_monsterinsights_sitenote_note":"","_monsterinsights_sitenote_category":0},"aioseo_notices":[],"_links":{"self":[{"href":"http:\/\/www.zuccheratagourmet.com.br\/wordpress\/wp-json\/wp\/v2\/product\/2573"}],"collection":[{"href":"http:\/\/www.zuccheratagourmet.com.br\/wordpress\/wp-json\/wp\/v2\/product"}],"about":[{"href":"http:\/\/www.zuccheratagourmet.com.br\/wordpress\/wp-json\/wp\/v2\/types\/product"}],"replies":[{"embeddable":true,"href":"http:\/\/www.zuccheratagourmet.com.br\/wordpress\/wp-json\/wp\/v2\/comments?post=2573"}],"wp:featuredmedia":[{"embeddable":true,"href":"http:\/\/www.zuccheratagourmet.com.br\/wordpress\/wp-json\/wp\/v2\/media\/2572"}],"wp:attachment":[{"href":"http:\/\/www.zuccheratagourmet.com.br\/wordpress\/wp-json\/wp\/v2\/media?parent=2573"}],"curies":[{"name":"wp","href":"https:\/\/api.w.org\/{rel}","templated":true}]}}