{"id":2398,"date":"2020-11-02T17:37:08","date_gmt":"2020-11-02T20:37:08","guid":{"rendered":"http:\/\/zuccheratagourmet.com.br\/wordpress\/?page_id=2398"},"modified":"2023-02-14T18:46:18","modified_gmt":"2023-02-14T21:46:18","slug":"sobre-a-vivi-cordeiro","status":"publish","type":"page","link":"http:\/\/www.zuccheratagourmet.com.br\/wordpress\/sobre-a-vivi-cordeiro\/","title":{"rendered":"Sobre a Vivi Cordeiro"},"content":{"rendered":"[vc_row][vc_column width=&#8221;1\/3&#8243;][vc_column_text]\n<p style=\"text-align: center;\"><a href=\"http:\/\/www.zuccheratagourmet.com.br\/wordpress\/wp-content\/uploads\/2023\/02\/20211015_112731_0000-2.jpg\"><img decoding=\"async\" loading=\"lazy\" class=\"alignnone wp-image-4677\" src=\"http:\/\/www.zuccheratagourmet.com.br\/wordpress\/wp-content\/uploads\/2023\/02\/20211015_112731_0000-2-788x1024.jpg\" alt=\"\" width=\"788\" height=\"1024\" srcset=\"http:\/\/www.zuccheratagourmet.com.br\/wordpress\/wp-content\/uploads\/2023\/02\/20211015_112731_0000-2-788x1024.jpg 788w, http:\/\/www.zuccheratagourmet.com.br\/wordpress\/wp-content\/uploads\/2023\/02\/20211015_112731_0000-2-231x300.jpg 231w, http:\/\/www.zuccheratagourmet.com.br\/wordpress\/wp-content\/uploads\/2023\/02\/20211015_112731_0000-2-768x998.jpg 768w, http:\/\/www.zuccheratagourmet.com.br\/wordpress\/wp-content\/uploads\/2023\/02\/20211015_112731_0000-2-600x780.jpg 600w, http:\/\/www.zuccheratagourmet.com.br\/wordpress\/wp-content\/uploads\/2023\/02\/20211015_112731_0000-2.jpg 831w\" sizes=\"(max-width: 788px) 100vw, 788px\" \/><\/a><\/p>\n[\/vc_column_text][\/vc_column][vc_column width=&#8221;2\/3&#8243;][vc_column_text]\n<h2 style=\"text-align: center; margin-bottom: 0px;\"><img decoding=\"async\" loading=\"lazy\" class=\"alignnone size-full wp-image-3179\" src=\"http:\/\/zuccheratagourmet.com.br\/wordpress\/wp-content\/uploads\/2021\/01\/divider_5-e1611868832723.png\" alt=\"\" width=\"82\" height=\"39\" \/><\/h2>\n<h2 style=\"text-align: center; margin-bottom: 0px;\">Vivi Cordeiro<\/h2>\n<p style=\"text-align: center; font-size: 28px; line-height: 1.4em;\"><span style=\"color: #ff91a4;\">Confeiteira e Propriet\u00e1ria<\/span><\/p>\n<ul class=\"contact-info\">\n<li style=\"list-style-type: none;\">\n<ul class=\"contact-info\" style=\"text-align: center;\">Ol\u00e1, sou a Vivi Cordeiro, confeiteira e propriet\u00e1ria da Zuccherata Gourmet e ser\u00e1 um prazer atender ao seu pedido. Todos os nossos doces e bolos s\u00e3o feitos por mim com muito carinho para ado\u00e7ar o seu dia.<\/ul>\n<\/li>\n<\/ul>\n[\/vc_column_text][\/vc_column][\/vc_row][vc_row][vc_column]<div style='border-color: #ffffff; ' class='cws_divider short_line style_1'><img style='width:73px;' src='http:\/\/www.zuccheratagourmet.com.br\/wordpress\/wp-content\/themes\/bellaria\/img\/dividers\/divider_1.png' alt \/><\/div>[\/vc_column][\/vc_row][vc_row][vc_column][vc_column_text][\/vc_column_text][vc_column_text][\/vc_column_text][\/vc_column][\/vc_row][vc_row][vc_column width=&#8221;2\/3&#8243;][vc_column_text]\n<h2 style=\"text-align: center;\">Nossa Produ\u00e7\u00e3o<\/h2>\n[\/vc_column_text]<div style='border-color: #ffffff; ' class='cws_divider short_line style_6'><img style='width:16px;' src='http:\/\/www.zuccheratagourmet.com.br\/wordpress\/wp-content\/themes\/bellaria\/img\/dividers\/divider_6.png' alt \/><\/div>[vc_column_text][\/vc_column_text][vc_column_text]\n<p style=\"text-align: center;\">Aqui na Zuccherata Gourmet tr\u00eas coisas s\u00e3o incontest\u00e1veis: primeiro, que a confeitaria \u00e9 a nossa paix\u00e3o; depois, a qualidade e afeto com os quais nossos produtos s\u00e3o feitos .<\/p>\n<p style=\"text-align: center;\">Todos nossos doces e bolos s\u00e3o produzidos diariamente com produtos de primeira linha para levar at\u00e9 voc\u00ea sempre a melhor experi\u00eancia gastron\u00f4mica.<\/p>\n<p style=\"text-align: center;\">Nossos bolos decorados s\u00e3o feitos do jeitinho que voc\u00ea sonha em ter em sua festa ou evento, proporcionando al\u00e9m de beleza uma explos\u00e3o de sabor a cada fatia.<\/p>\n<p style=\"text-align: center;\">Queremos estar com voc\u00ea em qualquer momento da vida, transformando cada um em uma deliciosa lembran\u00e7a!<\/p>\n[\/vc_column_text][\/vc_column][vc_column width=&#8221;1\/3&#8243;][vc_column_text]<a href=\"http:\/\/www.zuccheratagourmet.com.br\/wordpress\/wp-content\/uploads\/2021\/02\/Nossa-producao.jpg\"><img decoding=\"async\" loading=\"lazy\" class=\"alignnone wp-image-3593 size-large\" src=\"http:\/\/www.zuccheratagourmet.com.br\/wordpress\/wp-content\/uploads\/2021\/02\/Nossa-producao-1024x1018.jpg\" alt=\"\" width=\"1024\" height=\"1018\" srcset=\"http:\/\/www.zuccheratagourmet.com.br\/wordpress\/wp-content\/uploads\/2021\/02\/Nossa-producao-1024x1018.jpg 1024w, http:\/\/www.zuccheratagourmet.com.br\/wordpress\/wp-content\/uploads\/2021\/02\/Nossa-producao-300x298.jpg 300w, http:\/\/www.zuccheratagourmet.com.br\/wordpress\/wp-content\/uploads\/2021\/02\/Nossa-producao-150x150.jpg 150w, http:\/\/www.zuccheratagourmet.com.br\/wordpress\/wp-content\/uploads\/2021\/02\/Nossa-producao-768x763.jpg 768w, http:\/\/www.zuccheratagourmet.com.br\/wordpress\/wp-content\/uploads\/2021\/02\/Nossa-producao-1536x1527.jpg 1536w, http:\/\/www.zuccheratagourmet.com.br\/wordpress\/wp-content\/uploads\/2021\/02\/Nossa-producao-600x596.jpg 600w, http:\/\/www.zuccheratagourmet.com.br\/wordpress\/wp-content\/uploads\/2021\/02\/Nossa-producao-100x100.jpg 100w, http:\/\/www.zuccheratagourmet.com.br\/wordpress\/wp-content\/uploads\/2021\/02\/Nossa-producao.jpg 1944w\" sizes=\"(max-width: 1024px) 100vw, 1024px\" \/><\/a>[\/vc_column_text][\/vc_column][vc_column][vc_row_inner][vc_column_inner]<div style='border-color: #ffffff; ' class='cws_divider short_line style_1'><img style='width:73px;' src='http:\/\/www.zuccheratagourmet.com.br\/wordpress\/wp-content\/themes\/bellaria\/img\/dividers\/divider_1.png' alt \/><\/div>[\/vc_column_inner][\/vc_row_inner][\/vc_column][\/vc_row][vc_row][vc_column]<div class='cws_spacing' style='height: 30px;'><\/div>[\/vc_column][\/vc_row]\n","protected":false},"excerpt":{"rendered":"<p>[vc_row][vc_column width=&#8221;1\/3&#8243;][vc_column_text] [\/vc_column_text][\/vc_column][vc_column width=&#8221;2\/3&#8243;][vc_column_text] Vivi Cordeiro Confeiteira e Propriet\u00e1ria Ol\u00e1, sou a Vivi Cordeiro, confeiteira e propriet\u00e1ria da Zuccherata Gourmet e ser\u00e1 um prazer atender ao seu pedido. Todos os nossos doces e bolos s\u00e3o feitos por mim com muito carinho para ado\u00e7ar o seu dia. [\/vc_column_text][\/vc_column][\/vc_row][vc_row][vc_column][\/vc_column][\/vc_row][vc_row][vc_column][vc_column_text][\/vc_column_text][vc_column_text][\/vc_column_text][\/vc_column][\/vc_row][vc_row][vc_column width=&#8221;2\/3&#8243;][vc_column_text] Nossa Produ\u00e7\u00e3o [\/vc_column_text][vc_column_text][\/vc_column_text][vc_column_text] Aqui na Zuccherata Gourmet [&hellip;]<\/p>\n","protected":false},"author":1,"featured_media":0,"parent":0,"menu_order":0,"comment_status":"closed","ping_status":"closed","template":"","meta":{"_monsterinsights_skip_tracking":false,"_monsterinsights_sitenote_active":false,"_monsterinsights_sitenote_note":"","_monsterinsights_sitenote_category":0},"aioseo_notices":[],"_links":{"self":[{"href":"http:\/\/www.zuccheratagourmet.com.br\/wordpress\/wp-json\/wp\/v2\/pages\/2398"}],"collection":[{"href":"http:\/\/www.zuccheratagourmet.com.br\/wordpress\/wp-json\/wp\/v2\/pages"}],"about":[{"href":"http:\/\/www.zuccheratagourmet.com.br\/wordpress\/wp-json\/wp\/v2\/types\/page"}],"author":[{"embeddable":true,"href":"http:\/\/www.zuccheratagourmet.com.br\/wordpress\/wp-json\/wp\/v2\/users\/1"}],"replies":[{"embeddable":true,"href":"http:\/\/www.zuccheratagourmet.com.br\/wordpress\/wp-json\/wp\/v2\/comments?post=2398"}],"version-history":[{"count":79,"href":"http:\/\/www.zuccheratagourmet.com.br\/wordpress\/wp-json\/wp\/v2\/pages\/2398\/revisions"}],"predecessor-version":[{"id":4678,"href":"http:\/\/www.zuccheratagourmet.com.br\/wordpress\/wp-json\/wp\/v2\/pages\/2398\/revisions\/4678"}],"wp:attachment":[{"href":"http:\/\/www.zuccheratagourmet.com.br\/wordpress\/wp-json\/wp\/v2\/media?parent=2398"}],"curies":[{"name":"wp","href":"https:\/\/api.w.org\/{rel}","templated":true}]}}